{"id":977,"date":"2022-06-29T20:07:23","date_gmt":"2022-06-30T01:07:23","guid":{"rendered":"https:\/\/fundacionchecoperez.com\/?page_id=977"},"modified":"2022-06-30T10:59:27","modified_gmt":"2022-06-30T15:59:27","slug":"fibrosis","status":"publish","type":"page","link":"https:\/\/fundacionchecoperez.com\/en\/fibrosis\/","title":{"rendered":"Fibrosis"},"content":{"rendered":"<div data-elementor-type=\"wp-page\" data-elementor-id=\"977\" class=\"elementor elementor-977\">\n\t\t\t\t\t\t<div class=\"elementor-inner\">\n\t\t\t\t<div class=\"elementor-section-wrap\">\n\t\t\t\t\t\t\t\t\t<section class=\"elementor-section elementor-top-section elementor-element elementor-element-562b149b elementor-section-full_width elementor-section-height-min-height elementor-section-items-stretch elementor-section-content-middle elementor-section-height-default\" data-id=\"562b149b\" data-element_type=\"section\">\n\t\t\t\t\t\t<div class=\"elementor-container elementor-column-gap-no\">\n\t\t\t\t\t\t\t<div class=\"elementor-row\">\n\t\t\t\t\t<div class=\"elementor-column elementor-col-50 elementor-top-column elementor-element elementor-element-52a6dcb1\" data-id=\"52a6dcb1\" data-element_type=\"column\" data-settings=\"{&quot;background_background&quot;:&quot;classic&quot;}\">\n\t\t\t<div class=\"elementor-column-wrap elementor-element-populated\">\n\t\t\t\t\t\t\t<div class=\"elementor-widget-wrap\">\n\t\t\t\t\t\t<div class=\"elementor-element elementor-element-66f7398b animated-slow elementor-invisible elementor-widget elementor-widget-image\" data-id=\"66f7398b\" data-element_type=\"widget\" data-settings=\"{&quot;_animation&quot;:&quot;fadeIn&quot;}\" data-widget_type=\"image.default\">\n\t\t\t\t<div class=\"elementor-widget-container\">\n\t\t\t\t\t\t\t\t<div class=\"elementor-image\">\n\t\t\t\t\t\t\t\t\t\t\t\t<img width=\"1280\" height=\"1040\" src=\"https:\/\/fundacionchecoperez.com\/wp-content\/uploads\/2022\/06\/WhatsApp-Image-2022-06-30-at-10.01.01-AM.jpeg\" class=\"attachment-full size-full\" alt=\"\" loading=\"lazy\" srcset=\"https:\/\/fundacionchecoperez.com\/wp-content\/uploads\/2022\/06\/WhatsApp-Image-2022-06-30-at-10.01.01-AM.jpeg 1280w, https:\/\/fundacionchecoperez.com\/wp-content\/uploads\/2022\/06\/WhatsApp-Image-2022-06-30-at-10.01.01-AM-300x244.jpeg 300w, https:\/\/fundacionchecoperez.com\/wp-content\/uploads\/2022\/06\/WhatsApp-Image-2022-06-30-at-10.01.01-AM-1024x832.jpeg 1024w, https:\/\/fundacionchecoperez.com\/wp-content\/uploads\/2022\/06\/WhatsApp-Image-2022-06-30-at-10.01.01-AM-768x624.jpeg 768w, https:\/\/fundacionchecoperez.com\/wp-content\/uploads\/2022\/06\/WhatsApp-Image-2022-06-30-at-10.01.01-AM-15x12.jpeg 15w\" sizes=\"(max-width: 1280px) 100vw, 1280px\" \/>\t\t\t\t\t\t\t\t\t\t\t\t\t\t<\/div>\n\t\t\t\t\t\t<\/div>\n\t\t\t\t<\/div>\n\t\t\t\t<div class=\"elementor-element elementor-element-4086e36e elementor-view-stacked elementor-shape-square elementor-absolute elementor-widget elementor-widget-icon\" data-id=\"4086e36e\" data-element_type=\"widget\" data-settings=\"{&quot;_position&quot;:&quot;absolute&quot;}\" data-widget_type=\"icon.default\">\n\t\t\t\t<div class=\"elementor-widget-container\">\n\t\t\t\t\t<div class=\"elementor-icon-wrapper\">\n\t\t\t<a class=\"elementor-icon\" href=\"#hero_down\">\n\t\t\t\t\t\t<\/a>\n\t\t<\/div>\n\t\t\t\t<\/div>\n\t\t\t\t<\/div>\n\t\t\t\t\t\t<\/div>\n\t\t\t\t\t<\/div>\n\t\t<\/div>\n\t\t\t\t<div class=\"elementor-column elementor-col-50 elementor-top-column elementor-element elementor-element-9631733\" data-id=\"9631733\" data-element_type=\"column\">\n\t\t\t<div class=\"elementor-column-wrap elementor-element-populated\">\n\t\t\t\t\t\t\t<div class=\"elementor-widget-wrap\">\n\t\t\t\t\t\t<section class=\"elementor-section elementor-inner-section elementor-element elementor-element-10c75768 elementor-section-full_width elementor-section-height-default elementor-section-height-default\" data-id=\"10c75768\" data-element_type=\"section\">\n\t\t\t\t\t\t<div class=\"elementor-container elementor-column-gap-no\">\n\t\t\t\t\t\t\t<div class=\"elementor-row\">\n\t\t\t\t\t<div class=\"elementor-column elementor-col-100 elementor-inner-column elementor-element elementor-element-404c4157\" data-id=\"404c4157\" data-element_type=\"column\">\n\t\t\t<div class=\"elementor-column-wrap elementor-element-populated\">\n\t\t\t\t\t\t\t<div class=\"elementor-widget-wrap\">\n\t\t\t\t\t\t<div class=\"elementor-element elementor-element-c453dfa elementor-widget elementor-widget-heading\" data-id=\"c453dfa\" data-element_type=\"widget\" data-widget_type=\"heading.default\">\n\t\t\t\t<div class=\"elementor-widget-container\">\n\t\t\t<h1 class=\"elementor-heading-title elementor-size-default\">Fundaci\u00f3n checo p\u00e9rez<\/h1>\t\t<\/div>\n\t\t\t\t<\/div>\n\t\t\t\t<div class=\"elementor-element elementor-element-3433d4f2 elementor-invisible elementor-widget elementor-widget-heading\" data-id=\"3433d4f2\" data-element_type=\"widget\" data-settings=\"{&quot;_animation&quot;:&quot;fadeInDown&quot;}\" data-widget_type=\"heading.default\">\n\t\t\t\t<div class=\"elementor-widget-container\">\n\t\t\t<h5 class=\"elementor-heading-title elementor-size-xxl\">contra la fibrosis qu\u00edstica<\/h5>\t\t<\/div>\n\t\t\t\t<\/div>\n\t\t\t\t\t\t<\/div>\n\t\t\t\t\t<\/div>\n\t\t<\/div>\n\t\t\t\t\t\t\t\t<\/div>\n\t\t\t\t\t<\/div>\n\t\t<\/section>\n\t\t\t\t\t\t<\/div>\n\t\t\t\t\t<\/div>\n\t\t<\/div>\n\t\t\t\t\t\t\t\t<\/div>\n\t\t\t\t\t<\/div>\n\t\t<\/section>\n\t\t\t\t<section class=\"elementor-section elementor-top-section elementor-element elementor-element-3213d96 elementor-section-full_width elementor-section-height-default elementor-section-height-default\" data-id=\"3213d96\" data-element_type=\"section\" id=\"hero_down\">\n\t\t\t\t\t\t<div class=\"elementor-container elementor-column-gap-no\">\n\t\t\t\t\t\t\t<div class=\"elementor-row\">\n\t\t\t\t\t<div class=\"elementor-column elementor-col-50 elementor-top-column elementor-element elementor-element-1782f2b3\" data-id=\"1782f2b3\" data-element_type=\"column\">\n\t\t\t<div class=\"elementor-column-wrap elementor-element-populated\">\n\t\t\t\t\t\t\t<div class=\"elementor-widget-wrap\">\n\t\t\t\t\t\t<section class=\"elementor-section elementor-inner-section elementor-element elementor-element-7646330b elementor-section-full_width elementor-section-height-default elementor-section-height-default\" data-id=\"7646330b\" data-element_type=\"section\">\n\t\t\t\t\t\t<div class=\"elementor-container elementor-column-gap-no\">\n\t\t\t\t\t\t\t<div class=\"elementor-row\">\n\t\t\t\t\t<div class=\"elementor-column elementor-col-50 elementor-inner-column elementor-element elementor-element-37113738\" data-id=\"37113738\" data-element_type=\"column\">\n\t\t\t<div class=\"elementor-column-wrap elementor-element-populated\">\n\t\t\t\t\t\t\t<div class=\"elementor-widget-wrap\">\n\t\t\t\t\t\t<div class=\"elementor-element elementor-element-36f8fcb3 animated-slow elementor-invisible elementor-widget elementor-widget-image\" data-id=\"36f8fcb3\" data-element_type=\"widget\" data-settings=\"{&quot;_animation&quot;:&quot;fadeInUp&quot;}\" data-widget_type=\"image.default\">\n\t\t\t\t<div class=\"elementor-widget-container\">\n\t\t\t\t\t\t\t\t<div class=\"elementor-image\">\n\t\t\t\t\t\t\t\t\t\t\t\t<img width=\"1280\" height=\"1040\" src=\"https:\/\/fundacionchecoperez.com\/wp-content\/uploads\/2022\/06\/WhatsApp-Image-2022-06-30-at-10.01.01-AM.jpeg\" class=\"attachment-full size-full\" alt=\"\" loading=\"lazy\" srcset=\"https:\/\/fundacionchecoperez.com\/wp-content\/uploads\/2022\/06\/WhatsApp-Image-2022-06-30-at-10.01.01-AM.jpeg 1280w, https:\/\/fundacionchecoperez.com\/wp-content\/uploads\/2022\/06\/WhatsApp-Image-2022-06-30-at-10.01.01-AM-300x244.jpeg 300w, https:\/\/fundacionchecoperez.com\/wp-content\/uploads\/2022\/06\/WhatsApp-Image-2022-06-30-at-10.01.01-AM-1024x832.jpeg 1024w, https:\/\/fundacionchecoperez.com\/wp-content\/uploads\/2022\/06\/WhatsApp-Image-2022-06-30-at-10.01.01-AM-768x624.jpeg 768w, https:\/\/fundacionchecoperez.com\/wp-content\/uploads\/2022\/06\/WhatsApp-Image-2022-06-30-at-10.01.01-AM-15x12.jpeg 15w\" sizes=\"(max-width: 1280px) 100vw, 1280px\" \/>\t\t\t\t\t\t\t\t\t\t\t\t\t\t<\/div>\n\t\t\t\t\t\t<\/div>\n\t\t\t\t<\/div>\n\t\t\t\t<div class=\"elementor-element elementor-element-ac50f43 animated-slow elementor-invisible elementor-widget elementor-widget-image\" data-id=\"ac50f43\" data-element_type=\"widget\" data-settings=\"{&quot;_animation&quot;:&quot;fadeInUp&quot;}\" data-widget_type=\"image.default\">\n\t\t\t\t<div class=\"elementor-widget-container\">\n\t\t\t\t\t\t\t\t<div class=\"elementor-image\">\n\t\t\t\t\t\t\t\t\t\t\t\t<img width=\"1280\" height=\"1040\" src=\"https:\/\/fundacionchecoperez.com\/wp-content\/uploads\/2022\/06\/WhatsApp-Image-2022-06-30-at-10.01.01-AM.jpeg\" class=\"attachment-full size-full\" alt=\"\" loading=\"lazy\" srcset=\"https:\/\/fundacionchecoperez.com\/wp-content\/uploads\/2022\/06\/WhatsApp-Image-2022-06-30-at-10.01.01-AM.jpeg 1280w, https:\/\/fundacionchecoperez.com\/wp-content\/uploads\/2022\/06\/WhatsApp-Image-2022-06-30-at-10.01.01-AM-300x244.jpeg 300w, https:\/\/fundacionchecoperez.com\/wp-content\/uploads\/2022\/06\/WhatsApp-Image-2022-06-30-at-10.01.01-AM-1024x832.jpeg 1024w, https:\/\/fundacionchecoperez.com\/wp-content\/uploads\/2022\/06\/WhatsApp-Image-2022-06-30-at-10.01.01-AM-768x624.jpeg 768w, https:\/\/fundacionchecoperez.com\/wp-content\/uploads\/2022\/06\/WhatsApp-Image-2022-06-30-at-10.01.01-AM-15x12.jpeg 15w\" sizes=\"(max-width: 1280px) 100vw, 1280px\" \/>\t\t\t\t\t\t\t\t\t\t\t\t\t\t<\/div>\n\t\t\t\t\t\t<\/div>\n\t\t\t\t<\/div>\n\t\t\t\t\t\t<\/div>\n\t\t\t\t\t<\/div>\n\t\t<\/div>\n\t\t\t\t<div class=\"elementor-column elementor-col-50 elementor-inner-column elementor-element elementor-element-592ca3d\" data-id=\"592ca3d\" data-element_type=\"column\">\n\t\t\t<div class=\"elementor-column-wrap elementor-element-populated\">\n\t\t\t\t\t\t\t<div class=\"elementor-widget-wrap\">\n\t\t\t\t\t\t<div class=\"elementor-element elementor-element-55fbe83a elementor-widget elementor-widget-heading\" data-id=\"55fbe83a\" data-element_type=\"widget\" data-widget_type=\"heading.default\">\n\t\t\t\t<div class=\"elementor-widget-container\">\n\t\t\t<h1 class=\"elementor-heading-title elementor-size-default\">\u00bfQu\u00e9 es la Fibrosis Qu\u00edstica?<\/h1>\t\t<\/div>\n\t\t\t\t<\/div>\n\t\t\t\t<div class=\"elementor-element elementor-element-6ec8bbbf elementor-widget__width-auto elementor-widget elementor-widget-image\" data-id=\"6ec8bbbf\" data-element_type=\"widget\" data-widget_type=\"image.default\">\n\t\t\t\t<div class=\"elementor-widget-container\">\n\t\t\t\t\t\t\t\t<div class=\"elementor-image\">\n\t\t\t\t\t\t\t\t\t\t\t\t<img width=\"390\" height=\"390\" src=\"https:\/\/fundacionchecoperez.com\/wp-content\/uploads\/2022\/06\/HomePage-AboutSec-img_2-18102020.jpg\" class=\"attachment-full size-full\" alt=\"\" loading=\"lazy\" srcset=\"https:\/\/fundacionchecoperez.com\/wp-content\/uploads\/2022\/06\/HomePage-AboutSec-img_2-18102020.jpg 390w, https:\/\/fundacionchecoperez.com\/wp-content\/uploads\/2022\/06\/HomePage-AboutSec-img_2-18102020-300x300.jpg 300w, https:\/\/fundacionchecoperez.com\/wp-content\/uploads\/2022\/06\/HomePage-AboutSec-img_2-18102020-150x150.jpg 150w, https:\/\/fundacionchecoperez.com\/wp-content\/uploads\/2022\/06\/HomePage-AboutSec-img_2-18102020-12x12.jpg 12w\" sizes=\"(max-width: 390px) 100vw, 390px\" \/>\t\t\t\t\t\t\t\t\t\t\t\t\t\t<\/div>\n\t\t\t\t\t\t<\/div>\n\t\t\t\t<\/div>\n\t\t\t\t\t\t<\/div>\n\t\t\t\t\t<\/div>\n\t\t<\/div>\n\t\t\t\t\t\t\t\t<\/div>\n\t\t\t\t\t<\/div>\n\t\t<\/section>\n\t\t\t\t<div class=\"elementor-element elementor-element-291c3ff animated-slow elementor-invisible elementor-widget elementor-widget-spacer\" data-id=\"291c3ff\" data-element_type=\"widget\" data-settings=\"{&quot;_animation&quot;:&quot;fadeInDown&quot;}\" data-widget_type=\"spacer.default\">\n\t\t\t\t<div class=\"elementor-widget-container\">\n\t\t\t\t\t<div class=\"elementor-spacer\">\n\t\t\t<div class=\"elementor-spacer-inner\"><\/div>\n\t\t<\/div>\n\t\t\t\t<\/div>\n\t\t\t\t<\/div>\n\t\t\t\t\t\t<\/div>\n\t\t\t\t\t<\/div>\n\t\t<\/div>\n\t\t\t\t<div class=\"elementor-column elementor-col-50 elementor-top-column elementor-element elementor-element-6f84ddc8\" data-id=\"6f84ddc8\" data-element_type=\"column\">\n\t\t\t<div class=\"elementor-column-wrap elementor-element-populated\">\n\t\t\t\t\t\t\t<div class=\"elementor-widget-wrap\">\n\t\t\t\t\t\t<div class=\"elementor-element elementor-element-168c6ede animated-slow elementor-invisible elementor-widget elementor-widget-spacer\" data-id=\"168c6ede\" data-element_type=\"widget\" data-settings=\"{&quot;_animation&quot;:&quot;fadeInDown&quot;}\" data-widget_type=\"spacer.default\">\n\t\t\t\t<div class=\"elementor-widget-container\">\n\t\t\t\t\t<div class=\"elementor-spacer\">\n\t\t\t<div class=\"elementor-spacer-inner\"><\/div>\n\t\t<\/div>\n\t\t\t\t<\/div>\n\t\t\t\t<\/div>\n\t\t\t\t<div class=\"elementor-element elementor-element-f1beb99 elementor-widget elementor-widget-text-editor\" data-id=\"f1beb99\" data-element_type=\"widget\" data-widget_type=\"text-editor.default\">\n\t\t\t\t<div class=\"elementor-widget-container\">\n\t\t\t\t\t\t\t\t<div class=\"elementor-text-editor elementor-clearfix\">\n\t\t\t\t<p><strong>La Fibrosis Qu\u00edstica (FQ)<\/strong> es una enfermedad hereditaria, gen\u00e9tica y cr\u00f3nica, la cual afecta el sistema respiratorio y digestivo.<\/p><p>Seg\u00fan la Asociaci\u00f3n Mexicana de Fibrosis Qu\u00edstica, A.C. El defecto gen\u00e9tico ocasiona la producci\u00f3n de un moco anormal, espeso y pegajoso, el cual bloquea los conductos respiratorios y proporciona un medio ambiente ideal para el desarrollo de infecciones. Estos procesos infecciosos se repiten con mayor frecuencia conforme aumenta la vida del individuo da\u00f1ando sus pulmones y provocando un deterioro progresivo de su funci\u00f3n, con falla respiratoria y muerte en etapas tempranas de la vida.<\/p><p>Es una de las enfermedades gen\u00e9ticas m\u00e1s graves y frecuentes en ni\u00f1os, la cual sin un diagn\u00f3stico oportuno y un tratamiento adecuado lleva a la muerte en etapas tempranas de la vida.<\/p>\t\t\t\t\t<\/div>\n\t\t\t\t\t\t<\/div>\n\t\t\t\t<\/div>\n\t\t\t\t\t\t<\/div>\n\t\t\t\t\t<\/div>\n\t\t<\/div>\n\t\t\t\t\t\t\t\t<\/div>\n\t\t\t\t\t<\/div>\n\t\t<\/section>\n\t\t\t\t<section class=\"elementor-section elementor-top-section elementor-element elementor-element-890ae1a elementor-section-full_width elementor-section-height-default elementor-section-height-default\" data-id=\"890ae1a\" data-element_type=\"section\">\n\t\t\t\t\t\t<div class=\"elementor-container elementor-column-gap-no\">\n\t\t\t\t\t\t\t<div class=\"elementor-row\">\n\t\t\t\t\t<div class=\"elementor-column elementor-col-50 elementor-top-column elementor-element elementor-element-1f8d0f8\" data-id=\"1f8d0f8\" data-element_type=\"column\">\n\t\t\t<div class=\"elementor-column-wrap elementor-element-populated\">\n\t\t\t\t\t\t\t<div class=\"elementor-widget-wrap\">\n\t\t\t\t\t\t<section class=\"elementor-section elementor-inner-section elementor-element elementor-element-86d57e7 elementor-section-full_width elementor-section-height-default elementor-section-height-default\" data-id=\"86d57e7\" data-element_type=\"section\">\n\t\t\t\t\t\t<div class=\"elementor-container elementor-column-gap-no\">\n\t\t\t\t\t\t\t<div class=\"elementor-row\">\n\t\t\t\t\t<div class=\"elementor-column elementor-col-50 elementor-inner-column elementor-element elementor-element-a368d98\" data-id=\"a368d98\" data-element_type=\"column\">\n\t\t\t<div class=\"elementor-column-wrap elementor-element-populated\">\n\t\t\t\t\t\t\t<div class=\"elementor-widget-wrap\">\n\t\t\t\t\t\t<div class=\"elementor-element elementor-element-cf02286 animated-slow elementor-invisible elementor-widget elementor-widget-image\" data-id=\"cf02286\" data-element_type=\"widget\" data-settings=\"{&quot;_animation&quot;:&quot;fadeInUp&quot;}\" data-widget_type=\"image.default\">\n\t\t\t\t<div class=\"elementor-widget-container\">\n\t\t\t\t\t\t\t\t<div class=\"elementor-image\">\n\t\t\t\t\t\t\t\t\t\t\t\t<img width=\"1280\" height=\"1040\" src=\"https:\/\/fundacionchecoperez.com\/wp-content\/uploads\/2022\/06\/WhatsApp-Image-2022-06-30-at-10.01.01-AM.jpeg\" class=\"attachment-full size-full\" alt=\"\" loading=\"lazy\" srcset=\"https:\/\/fundacionchecoperez.com\/wp-content\/uploads\/2022\/06\/WhatsApp-Image-2022-06-30-at-10.01.01-AM.jpeg 1280w, https:\/\/fundacionchecoperez.com\/wp-content\/uploads\/2022\/06\/WhatsApp-Image-2022-06-30-at-10.01.01-AM-300x244.jpeg 300w, https:\/\/fundacionchecoperez.com\/wp-content\/uploads\/2022\/06\/WhatsApp-Image-2022-06-30-at-10.01.01-AM-1024x832.jpeg 1024w, https:\/\/fundacionchecoperez.com\/wp-content\/uploads\/2022\/06\/WhatsApp-Image-2022-06-30-at-10.01.01-AM-768x624.jpeg 768w, https:\/\/fundacionchecoperez.com\/wp-content\/uploads\/2022\/06\/WhatsApp-Image-2022-06-30-at-10.01.01-AM-15x12.jpeg 15w\" sizes=\"(max-width: 1280px) 100vw, 1280px\" \/>\t\t\t\t\t\t\t\t\t\t\t\t\t\t<\/div>\n\t\t\t\t\t\t<\/div>\n\t\t\t\t<\/div>\n\t\t\t\t<div class=\"elementor-element elementor-element-b644dad animated-slow elementor-invisible elementor-widget elementor-widget-image\" data-id=\"b644dad\" data-element_type=\"widget\" data-settings=\"{&quot;_animation&quot;:&quot;fadeInUp&quot;}\" data-widget_type=\"image.default\">\n\t\t\t\t<div class=\"elementor-widget-container\">\n\t\t\t\t\t\t\t\t<div class=\"elementor-image\">\n\t\t\t\t\t\t\t\t\t\t\t\t<img width=\"1280\" height=\"1040\" src=\"https:\/\/fundacionchecoperez.com\/wp-content\/uploads\/2022\/06\/WhatsApp-Image-2022-06-30-at-10.01.01-AM.jpeg\" class=\"attachment-full size-full\" alt=\"\" loading=\"lazy\" srcset=\"https:\/\/fundacionchecoperez.com\/wp-content\/uploads\/2022\/06\/WhatsApp-Image-2022-06-30-at-10.01.01-AM.jpeg 1280w, https:\/\/fundacionchecoperez.com\/wp-content\/uploads\/2022\/06\/WhatsApp-Image-2022-06-30-at-10.01.01-AM-300x244.jpeg 300w, https:\/\/fundacionchecoperez.com\/wp-content\/uploads\/2022\/06\/WhatsApp-Image-2022-06-30-at-10.01.01-AM-1024x832.jpeg 1024w, https:\/\/fundacionchecoperez.com\/wp-content\/uploads\/2022\/06\/WhatsApp-Image-2022-06-30-at-10.01.01-AM-768x624.jpeg 768w, https:\/\/fundacionchecoperez.com\/wp-content\/uploads\/2022\/06\/WhatsApp-Image-2022-06-30-at-10.01.01-AM-15x12.jpeg 15w\" sizes=\"(max-width: 1280px) 100vw, 1280px\" \/>\t\t\t\t\t\t\t\t\t\t\t\t\t\t<\/div>\n\t\t\t\t\t\t<\/div>\n\t\t\t\t<\/div>\n\t\t\t\t\t\t<\/div>\n\t\t\t\t\t<\/div>\n\t\t<\/div>\n\t\t\t\t<div class=\"elementor-column elementor-col-50 elementor-inner-column elementor-element elementor-element-0fe8621\" data-id=\"0fe8621\" data-element_type=\"column\">\n\t\t\t<div class=\"elementor-column-wrap elementor-element-populated\">\n\t\t\t\t\t\t\t<div class=\"elementor-widget-wrap\">\n\t\t\t\t\t\t<div class=\"elementor-element elementor-element-32aa44e elementor-widget elementor-widget-heading\" data-id=\"32aa44e\" data-element_type=\"widget\" data-widget_type=\"heading.default\">\n\t\t\t\t<div class=\"elementor-widget-container\">\n\t\t\t<h1 class=\"elementor-heading-title elementor-size-small\">proyecto \u201cTratamiento de enzimas pancre\u00e1ticas\u201d.<\/h1>\t\t<\/div>\n\t\t\t\t<\/div>\n\t\t\t\t\t\t<\/div>\n\t\t\t\t\t<\/div>\n\t\t<\/div>\n\t\t\t\t\t\t\t\t<\/div>\n\t\t\t\t\t<\/div>\n\t\t<\/section>\n\t\t\t\t<div class=\"elementor-element elementor-element-d88f764 animated-slow elementor-invisible elementor-widget elementor-widget-spacer\" data-id=\"d88f764\" data-element_type=\"widget\" data-settings=\"{&quot;_animation&quot;:&quot;fadeInDown&quot;}\" data-widget_type=\"spacer.default\">\n\t\t\t\t<div class=\"elementor-widget-container\">\n\t\t\t\t\t<div class=\"elementor-spacer\">\n\t\t\t<div class=\"elementor-spacer-inner\"><\/div>\n\t\t<\/div>\n\t\t\t\t<\/div>\n\t\t\t\t<\/div>\n\t\t\t\t\t\t<\/div>\n\t\t\t\t\t<\/div>\n\t\t<\/div>\n\t\t\t\t<div class=\"elementor-column elementor-col-50 elementor-top-column elementor-element elementor-element-f4f7cec\" data-id=\"f4f7cec\" data-element_type=\"column\">\n\t\t\t<div class=\"elementor-column-wrap elementor-element-populated\">\n\t\t\t\t\t\t\t<div class=\"elementor-widget-wrap\">\n\t\t\t\t\t\t<div class=\"elementor-element elementor-element-7335a71 animated-slow elementor-invisible elementor-widget elementor-widget-spacer\" data-id=\"7335a71\" data-element_type=\"widget\" data-settings=\"{&quot;_animation&quot;:&quot;fadeInDown&quot;}\" data-widget_type=\"spacer.default\">\n\t\t\t\t<div class=\"elementor-widget-container\">\n\t\t\t\t\t<div class=\"elementor-spacer\">\n\t\t\t<div class=\"elementor-spacer-inner\"><\/div>\n\t\t<\/div>\n\t\t\t\t<\/div>\n\t\t\t\t<\/div>\n\t\t\t\t<div class=\"elementor-element elementor-element-de72cf6 elementor-widget elementor-widget-text-editor\" data-id=\"de72cf6\" data-element_type=\"widget\" data-widget_type=\"text-editor.default\">\n\t\t\t\t<div class=\"elementor-widget-container\">\n\t\t\t\t\t\t\t\t<div class=\"elementor-text-editor elementor-clearfix\">\n\t\t\t\t<p><strong>Checo P\u00e9rez foundation<\/strong> a trav\u00e9s de la Asociaci\u00f3n Mexicana de Fibrosis Qu\u00edstica A.C. (AMFQ), se une al proyecto \u201cTratamiento de enzimas pancre\u00e1ticas\u201d, con el fin de disminuir la desnutrici\u00f3n que la enfermedad genera.<\/p><p>Durante el mes de mayo recibimos una propuesta por parte de la Asociaci\u00f3n Mexicana de Fibrosis Qu\u00edstica A.C (AMFQ) \u00a0para unirnos al proyecto en especifico <strong>\u201cProyecto para mejorar el acceso a enzimas pancrea\u0301ticas con el fin de disminuir la desnutricio\u0301n que la enfermedad genera\u201d<\/strong><\/p><p>El cual consiste en la donaci\u00f3n recurrente de tratamiento: Dekas Plus \u00a060ml. y Creon 150 mg (4 cajas mensuales) para cada peque\u00f1o ubicado en la ciudad de Guadalajara, Jalisco.\u00a0<\/p><p>Tuvimos la oportunidad de conocer a los peque\u00f1xs beneficiarios de este proyecto asi como \u00a0todo el tratamiento que requieren; Thiago Gabriel de 11 meses y Mia Josselin de 2 a\u00f1os, originarios de Guadalajara, Jalisco. Junto a su familia pudimos conocer un poco mas sobre la fibrosis qu\u00edstica, su experiencia, su condici\u00f3n actual y hacerles saber que no est\u00e1n solos y cuentan con el apoyo de Fundacion Checo Perez.<\/p><p>Desafortunadamente los altos costos del tratamiento de por vida que estos pacientes deber\u00e1n utilizar y el insuficiente acceso que tienen a los medicamentos complica la situaci\u00f3n. En consecuencia parte de la poblaci\u00f3n fallece antes de cumplir los 4 a\u00f1os de edad en promedio, por complicaciones respiratorias y desnutrici\u00f3n.S<\/p><p>Sin embargo nos llena de alegr\u00eda unirnos a estas causas, trabajar en conjunto con diferentes organizaciones nacionales para brindar mejores oportunidades a personas en condiciones vulnerables. Estamos seguros que unidos podemos alcanzar un mayor n\u00famero de beneficiarios y lograr un futuro con m\u00e1s esperanza.<\/p>\t\t\t\t\t<\/div>\n\t\t\t\t\t\t<\/div>\n\t\t\t\t<\/div>\n\t\t\t\t\t\t<\/div>\n\t\t\t\t\t<\/div>\n\t\t<\/div>\n\t\t\t\t\t\t\t\t<\/div>\n\t\t\t\t\t<\/div>\n\t\t<\/section>\n\t\t\t\t\t\t\t\t\t<\/div>\n\t\t\t<\/div>\n\t\t\t\t\t<\/div>","protected":false},"excerpt":{"rendered":"<p>Fundaci\u00f3n checo p\u00e9rez contra la fibrosis qu\u00edstica \u00bfQu\u00e9 es la Fibrosis Qu\u00edstica? La Fibrosis Qu\u00edstica (FQ) es una enfermedad hereditaria, [&hellip;]<\/p>","protected":false},"author":1,"featured_media":0,"parent":0,"menu_order":0,"comment_status":"closed","ping_status":"closed","template":"","meta":{"_monsterinsights_skip_tracking":false,"_monsterinsights_sitenote_active":false,"_monsterinsights_sitenote_note":"","_monsterinsights_sitenote_category":0,"site-sidebar-layout":"default","site-content-layout":"","ast-site-content-layout":"","site-content-style":"default","site-sidebar-style":"default","ast-global-header-display":"","ast-banner-title-visibility":"","ast-main-header-display":"","ast-hfb-above-header-display":"","ast-hfb-below-header-display":"","ast-hfb-mobile-header-display":"","site-post-title":"","ast-breadcrumbs-content":"","ast-featured-img":"","footer-sml-layout":"","theme-transparent-header-meta":"","adv-header-id-meta":"","stick-header-meta":"","header-above-stick-meta":"","header-main-stick-meta":"","header-below-stick-meta":"","astra-migrate-meta-layouts":"default","ast-page-background-enabled":"default","ast-page-background-meta":{"desktop":{"background-color":"var(--ast-global-color-4)","background-image":"","background-repeat":"repeat","background-position":"center center","background-size":"auto","background-attachment":"scroll","background-type":"","background-media":"","overlay-type":"","overlay-color":"","overlay-opacity":"","overlay-gradient":""},"tablet":{"background-color":"","background-image":"","background-repeat":"repeat","background-position":"center center","background-size":"auto","background-attachment":"scroll","background-type":"","background-media":"","overlay-type":"","overlay-color":"","overlay-opacity":"","overlay-gradient":""},"mobile":{"background-color":"","background-image":"","background-repeat":"repeat","background-position":"center center","background-size":"auto","background-attachment":"scroll","background-type":"","background-media":"","overlay-type":"","overlay-color":"","overlay-opacity":"","overlay-gradient":""}},"ast-content-background-meta":{"desktop":{"background-color":"var(--ast-global-color-5)","background-image":"","background-repeat":"repeat","background-position":"center center","background-size":"auto","background-attachment":"scroll","background-type":"","background-media":"","overlay-type":"","overlay-color":"","overlay-opacity":"","overlay-gradient":""},"tablet":{"background-color":"var(--ast-global-color-5)","background-image":"","background-repeat":"repeat","background-position":"center center","background-size":"auto","background-attachment":"scroll","background-type":"","background-media":"","overlay-type":"","overlay-color":"","overlay-opacity":"","overlay-gradient":""},"mobile":{"background-color":"var(--ast-global-color-5)","background-image":"","background-repeat":"repeat","background-position":"center center","background-size":"auto","background-attachment":"scroll","background-type":"","background-media":"","overlay-type":"","overlay-color":"","overlay-opacity":"","overlay-gradient":""}}},"aioseo_notices":[],"_links":{"self":[{"href":"https:\/\/fundacionchecoperez.com\/en\/wp-json\/wp\/v2\/pages\/977"}],"collection":[{"href":"https:\/\/fundacionchecoperez.com\/en\/wp-json\/wp\/v2\/pages"}],"about":[{"href":"https:\/\/fundacionchecoperez.com\/en\/wp-json\/wp\/v2\/types\/page"}],"author":[{"embeddable":true,"href":"https:\/\/fundacionchecoperez.com\/en\/wp-json\/wp\/v2\/users\/1"}],"replies":[{"embeddable":true,"href":"https:\/\/fundacionchecoperez.com\/en\/wp-json\/wp\/v2\/comments?post=977"}],"version-history":[{"count":55,"href":"https:\/\/fundacionchecoperez.com\/en\/wp-json\/wp\/v2\/pages\/977\/revisions"}],"predecessor-version":[{"id":1114,"href":"https:\/\/fundacionchecoperez.com\/en\/wp-json\/wp\/v2\/pages\/977\/revisions\/1114"}],"wp:attachment":[{"href":"https:\/\/fundacionchecoperez.com\/en\/wp-json\/wp\/v2\/media?parent=977"}],"curies":[{"name":"wp","href":"https:\/\/api.w.org\/{rel}","templated":true}]}}