{"id":4026,"date":"2024-08-01T19:10:47","date_gmt":"2024-08-02T01:10:47","guid":{"rendered":"https:\/\/fundacionchecoperez.com\/?page_id=4026"},"modified":"2024-12-26T13:56:51","modified_gmt":"2024-12-26T19:56:51","slug":"aviso-de-privacidad-2","status":"publish","type":"page","link":"https:\/\/fundacionchecoperez.com\/en\/aviso-de-privacidad-2\/","title":{"rendered":"Notice of Privacy"},"content":{"rendered":"<div class=\"wp-block-media-text alignwide is-stacked-on-mobile\"><figure class=\"wp-block-media-text__media\"><\/figure><div class=\"wp-block-media-text__content\">\n<p>Notice of Privacy<br>Fundaci\u00f3n Checo P\u00e9rez A.C. (la \u201cFundaci\u00f3n\u201d), con domicilio en Avenida Acueducto<br>6075, Puerta de Hierro, Zapopan, Jalisco, CP 45116, es responsable de recabar sus<br>datos personales, del uso que se le d\u00e9 a los mismos, y de su protecci\u00f3n.<br>Su informaci\u00f3n personal ser\u00e1 utilizada para proveer los servicios que ha solicitado,<br>informarle sobre cambios en los mismos y evaluar la calidad del servicio que le<br>brindamos. Sus datos tambi\u00e9n podr\u00e1n ser utilizados para informar sobre las<br>actividades realizadas dentro de la Fundaci\u00f3n, as\u00ed como promover distintas<br>din\u00e1micas y servicios del sitio www.fundacionchecoperez.com (el \u201csitio\u201d).<br>Fundaci\u00f3n Checo P\u00e9rez A.C. podr\u00e1 recolectar y procesar la siguiente informaci\u00f3n<br>acerca de usted:<br>\u25cf Informaci\u00f3n que usted provea al llenar formularios en el sitio. Esto puede<br>incluir pero no limitarse a: su(s) nombre(s), apellido(s) y correo electr\u00f3nico<br>proporcionado al momento de suscribirse a nuestro bolet\u00edn. La Fundaci\u00f3n<br>podr\u00eda tambi\u00e9n pedirle informaci\u00f3n en ocasiones especiales; por ejemplo, si<br>la Fundaci\u00f3n organiza un concurso, cuando usted se inscriba a dicho<br>concurso.<br>\u25cf Detalles de sus visitas al sitio [incluyendo pero no limit\u00e1ndose a: datos de<br>tr\u00e1fico, datos de ubicaci\u00f3n, y otros datos de comunicaci\u00f3n] tambi\u00e9n podr\u00e1n<br>ser recolectados.<br>\u25cf Si contacta a la Fundaci\u00f3n, es posible que la Fundaci\u00f3n resguarde copias de<br>su correspondencia.<br>Usted tiene derecho de acceder, rectificar y cancelar sus datos personales, as\u00ed como<br>de oponerse al tratamiento de los mismos o revocar el consentimiento que para tal<br>fin nos haya otorgado, a trav\u00e9s de procedimientos que hemos implementado. Para<br>conocer dichos procedimientos, los requisitos y plazos, se puede poner en contacto<br>con nuestro departamento de datos personales en contacto@perezracing.mx.<br>Sus datos personales pueden ser transferidos y tratados dentro y fuera del pa\u00eds, por<br>personas pertecientes a esta empresa o con relaciones comerciales directas con<br>esta empresa. Si usted no manifiesta su oposici\u00f3n para que sus datos personales<br>sean transferidos, se entender\u00e1 que ha otorgado su consentimiento para ello. Usted<br>podr\u00e1 manifestar su oposici\u00f3n al ponerse en contacto con nuestro departamento de<br>datos personales en contacto@perezracing.mx.<br>Si usted desea dejar de recibir mensajes promocionales de nuestra parte puede<br>solicitarlo a trav\u00e9s de contacto@perezracing.mx.<\/p>\n\n\n\n<p>COOKIES<br>Durante su visita al sitio, cierta informaci\u00f3n es autom\u00e1ticamente registrada acerca<br>de la forma en la que usted utiliza el sitio. Esto se hace con la finalidad de poder<br>analizar su rendimiento. Esta informaci\u00f3n puede incluir la URL del sitio web que lo<br>refiri\u00f3 a www.fundacionchecoperez.com, su direcci\u00f3n IP y las p\u00e1ginas que visita<br>mientras usted permanece en el sitio. Su direcci\u00f3n IP indica la ubicaci\u00f3n de su<br>computadora en internet.<br>Como muchos otros servicios en l\u00ednea, la Fundaci\u00f3n puede utilizar cookies, que son<br>archivos peque\u00f1os enviados a su navegador desde un servidor. Estos archivos son<br>almacenados en el disco duro de su computadora o dispositivo. La Fundaci\u00f3n utiliza<br>cookies para permitirle disfrutar de las opciones del sitio relacionadas con redes<br>sociales. La Fundaci\u00f3n tambi\u00e9n utiliza \u2018cookies anal\u00edticas\u2019 (como cookies de Google<br>Analytics) y otra informaci\u00f3n autom\u00e1ticamente rastreada para llevar un registro de la<br>actividad del navegador de los usuarios mientras se encuentran en el sitio. Esto<br>ayuda a la Fundaci\u00f3n a entender c\u00f3mo utilizan el sitio sus usuarios y le da<br>informaci\u00f3n sobre c\u00f3mo se puede mejorar la experiencia. La informaci\u00f3n<br>recolectada a trav\u00e9s de estas cookies anal\u00edticas es an\u00f3nima, por lo que no lo<br>identifica a usted como individuo.<br>Al aceptar los T\u00e9rminos y Condiciones de la Fundaci\u00f3n, usted est\u00e1 otorgando su<br>consentimiento para que la Compa\u00f1\u00eda utiliza las cookies de esta manera, pero usted<br>puede eliminar en cualquier momento si usted lo desea.<br>Usted puede eliminar las cookies de su disco duro en cualquier momento. Usted<br>puede configurar su navegador de internet de tal manera que no permita que las<br>cookies sean almacenadas en su dispositivo; sin embargo, esto puede reducir la<br>funcionalidad del sitio y puede limitar el contenido disponible para usted. M\u00e1s<br>informaci\u00f3n acerca del funcionamiento y la administraci\u00f3n de las cookies en general<br>puede ser encontrada en:<br>http:\/\/www.allaboutcookies.org\/es\/<br>.<br>Cualquier modificaci\u00f3n a este aviso de privacidad podr\u00e1 ser consultada en esta<br>misma secci\u00f3n del sitio.<br>El presente aviso de privacidad fue elaborado de acuerdo a los lineamientos<br>establecidos por la Ley Federal de Protecci\u00f3n de Datos Personales en Posesi\u00f3n de<br>los Particulares.<br>Fecha de \u00faltima actualizaci\u00f3n: 02\/05\/2022.<\/p>\n\n\n\n<p>Notice of Privacy<br>Proyecci\u00f3n y Servicios M\u00e9xico Racing S.A. de C.V. (la \u201cCompa\u00f1\u00eda\u201d), con domicilio<br>en Extremadura 71, Puerta de Hierro, Zapopan, Jalisco, CP 45116, es responsable<br>de recabar sus datos personales, del uso que se le d\u00e9 a los mismos, y de su<br>protecci\u00f3n.<br>Su informaci\u00f3n personal ser\u00e1 utilizada para proveer los servicios y productos que ha<br>solicitado, informarle sobre cambios en los mismos y evaluar la calidad del servicio<br>que le brindamos. Sus datos tambi\u00e9n podr\u00e1n ser utilizados para informar sobre las<br>actividades profesionales del piloto de F\u00f3rmula 1 Sergio P\u00e9rez, as\u00ed como promover<br>distintas din\u00e1micas y servicios del sitio www.sergioperez.mx (el \u201csitio\u201d).<br>Proyecci\u00f3n y Servicios M\u00e9xico Racing S.A. de C.V. podr\u00e1 recolectar y procesar la<br>siguiente informaci\u00f3n acerca de usted:<br>\u25cf Informaci\u00f3n que usted provea al llenar formularios en el sitio. Esto puede<br>incluir pero no limitarse a: su(s) nombre(s), apellido(s) y correo electr\u00f3nico<br>proporcionado al momento de suscribirse a nuestro bolet\u00edn. La Compa\u00f1\u00eda<br>podr\u00eda tambi\u00e9n pedirle informaci\u00f3n en ocasiones especiales; por ejemplo, si<br>la Compa\u00f1\u00eda organiza un concurso, cuando usted se inscriba a dicho<br>concurso.<br>\u25cf Detalles de sus visitas al sitio [incluyendo pero no limit\u00e1ndose a: datos de<br>tr\u00e1fico, datos de ubicaci\u00f3n, y otros datos de comunicaci\u00f3n] tambi\u00e9n podr\u00e1n<br>ser recolectados.<br>\u25cf Si contacta a la Compa\u00f1\u00eda, es posible que la Compa\u00f1\u00eda resguarde copias de<br>su correspondencia.<br>Usted tiene derecho de acceder, rectificar y cancelar sus datos personales, as\u00ed como<br>de oponerse al tratamiento de los mismos o revocar el consentimiento que para tal<br>fin nos haya otorgado, a trav\u00e9s de procedimientos que hemos implementado. Para<br>conocer dichos procedimientos, los requisitos y plazos, se puede poner en contacto<br>con nuestro departamento de datos personales en orders@perezracing.mx.<br>Sus datos personales pueden ser transferidos y tratados dentro y fuera del pa\u00eds, por<br>personas pertecientes a esta empresa o con relaciones comerciales directas con<br>esta empresa. Si usted no manifiesta su oposici\u00f3n para que sus datos personales<br>sean transferidos, se entender\u00e1 que ha otorgado su consentimiento para ello. Usted<br>podr\u00e1 manifestar su oposici\u00f3n al ponerse en contacto con nuestro departamento de<br>datos personales en orders@perezracing.mx.<br>Si usted desea dejar de recibir mensajes promocionales de nuestra parte puede<br>solicitarlo a trav\u00e9s de orders@perezracing.mx.<\/p>\n\n\n\n<p>COOKIES<br>Durante su visita al sitio, cierta informaci\u00f3n es autom\u00e1ticamente registrada acerca<br>de la forma en la que usted utiliza el sitio. Esto se hace con la finalidad de poder<br>analizar su rendimiento. Esta informaci\u00f3n puede incluir la URL del sitio web que lo<br>refiri\u00f3 a www.sergioperez.mx, su direcci\u00f3n IP y las p\u00e1ginas que visita mientras usted<br>permanece en el sitio. Su direcci\u00f3n IP indica la ubicaci\u00f3n de su computadora en<br>internet.<br>Como muchos otros servicios en l\u00ednea, la Compa\u00f1\u00eda puede utilizar cookies, que son<br>archivos peque\u00f1os enviados a su navegador desde un servidor. Estos archivos son<br>almacenados en el disco duro de su computadora o dispositivo. La Compa\u00f1\u00eda utiliza<br>cookies para permitirle disfrutar de las opciones del sitio relacionadas con redes<br>sociales. La Compa\u00f1\u00eda tambi\u00e9n utiliza \u2018cookies anal\u00edticas\u2019 (como cookies de Google<br>Analytics) y otra informaci\u00f3n autom\u00e1ticamente rastreada para llevar un registro de la<br>actividad del navegador de los usuarios mientras se encuentran en el sitio. Esto<br>ayuda a la Compa\u00f1\u00eda a entender c\u00f3mo utilizan el sitio sus usuarios y le da<br>informaci\u00f3n sobre c\u00f3mo se puede mejorar la experiencia. La informaci\u00f3n<br>recolectada a trav\u00e9s de estas cookies anal\u00edticas es an\u00f3nima, por lo que no lo<br>identifica a usted como individuo.<br>Al aceptar los T\u00e9rminos y Condiciones de la Compa\u00f1\u00eda, usted est\u00e1 otorgando su<br>consentimiento para que la Compa\u00f1\u00eda utiliza las cookies de esta manera, pero usted<br>puede eliminar en cualquier momento si usted lo desea.<br>Usted puede eliminar las cookies de su disco duro en cualquier momento. Usted<br>puede configurar su navegador de internet de tal manera que no permita que las<br>cookies sean almacenadas en su dispositivo; sin embargo, esto puede reducir la<br>funcionalidad del sitio y puede limitar el contenido disponible para usted. M\u00e1s<br>informaci\u00f3n acerca del funcionamiento y la administraci\u00f3n de las cookies en general<br>puede ser encontrada en:<br>http:\/\/www.allaboutcookies.org\/es\/<br>.<br>Cualquier modificaci\u00f3n a este aviso de privacidad podr\u00e1 ser consultada en esta<br>misma secci\u00f3n del sitio.<br>El presente aviso de privacidad fue elaborado de acuerdo a los lineamientos<br>establecidos por la Ley Federal de Protecci\u00f3n de Datos Personales en Posesi\u00f3n de<br>los Particulares.<br>Fecha de \u00faltima actualizaci\u00f3n: 02\/05\/2022.<\/p>\n<\/div><\/div>\n\n\n\n<p><\/p>","protected":false},"excerpt":{"rendered":"<p>AVISO DE PRIVACIDADFundaci\u00f3n Checo P\u00e9rez A.C. (la \u201cFundaci\u00f3n\u201d), con domicilio en Avenida Acueducto6075, Puerta de Hierro, Zapopan, Jalisco, CP 45116, [&hellip;]<\/p>","protected":false},"author":1,"featured_media":0,"parent":0,"menu_order":0,"comment_status":"closed","ping_status":"closed","template":"","meta":{"_monsterinsights_skip_tracking":false,"_monsterinsights_sitenote_active":false,"_monsterinsights_sitenote_note":"","_monsterinsights_sitenote_category":0,"site-sidebar-layout":"default","site-content-layout":"","ast-site-content-layout":"","site-content-style":"default","site-sidebar-style":"default","ast-global-header-display":"","ast-banner-title-visibility":"","ast-main-header-display":"","ast-hfb-above-header-display":"","ast-hfb-below-header-display":"","ast-hfb-mobile-header-display":"","site-post-title":"","ast-breadcrumbs-content":"","ast-featured-img":"","footer-sml-layout":"","theme-transparent-header-meta":"","adv-header-id-meta":"","stick-header-meta":"","header-above-stick-meta":"","header-main-stick-meta":"","header-below-stick-meta":"","astra-migrate-meta-layouts":"default","ast-page-background-enabled":"default","ast-page-background-meta":{"desktop":{"background-color":"var(--ast-global-color-4)","background-image":"","background-repeat":"repeat","background-position":"center center","background-size":"auto","background-attachment":"scroll","background-type":"","background-media":"","overlay-type":"","overlay-color":"","overlay-opacity":"","overlay-gradient":""},"tablet":{"background-color":"","background-image":"","background-repeat":"repeat","background-position":"center center","background-size":"auto","background-attachment":"scroll","background-type":"","background-media":"","overlay-type":"","overlay-color":"","overlay-opacity":"","overlay-gradient":""},"mobile":{"background-color":"","background-image":"","background-repeat":"repeat","background-position":"center center","background-size":"auto","background-attachment":"scroll","background-type":"","background-media":"","overlay-type":"","overlay-color":"","overlay-opacity":"","overlay-gradient":""}},"ast-content-background-meta":{"desktop":{"background-color":"var(--ast-global-color-5)","background-image":"","background-repeat":"repeat","background-position":"center center","background-size":"auto","background-attachment":"scroll","background-type":"","background-media":"","overlay-type":"","overlay-color":"","overlay-opacity":"","overlay-gradient":""},"tablet":{"background-color":"var(--ast-global-color-5)","background-image":"","background-repeat":"repeat","background-position":"center center","background-size":"auto","background-attachment":"scroll","background-type":"","background-media":"","overlay-type":"","overlay-color":"","overlay-opacity":"","overlay-gradient":""},"mobile":{"background-color":"var(--ast-global-color-5)","background-image":"","background-repeat":"repeat","background-position":"center center","background-size":"auto","background-attachment":"scroll","background-type":"","background-media":"","overlay-type":"","overlay-color":"","overlay-opacity":"","overlay-gradient":""}}},"aioseo_notices":[],"_links":{"self":[{"href":"https:\/\/fundacionchecoperez.com\/en\/wp-json\/wp\/v2\/pages\/4026"}],"collection":[{"href":"https:\/\/fundacionchecoperez.com\/en\/wp-json\/wp\/v2\/pages"}],"about":[{"href":"https:\/\/fundacionchecoperez.com\/en\/wp-json\/wp\/v2\/types\/page"}],"author":[{"embeddable":true,"href":"https:\/\/fundacionchecoperez.com\/en\/wp-json\/wp\/v2\/users\/1"}],"replies":[{"embeddable":true,"href":"https:\/\/fundacionchecoperez.com\/en\/wp-json\/wp\/v2\/comments?post=4026"}],"version-history":[{"count":2,"href":"https:\/\/fundacionchecoperez.com\/en\/wp-json\/wp\/v2\/pages\/4026\/revisions"}],"predecessor-version":[{"id":4029,"href":"https:\/\/fundacionchecoperez.com\/en\/wp-json\/wp\/v2\/pages\/4026\/revisions\/4029"}],"wp:attachment":[{"href":"https:\/\/fundacionchecoperez.com\/en\/wp-json\/wp\/v2\/media?parent=4026"}],"curies":[{"name":"wp","href":"https:\/\/api.w.org\/{rel}","templated":true}]}}